{"id":1400,"date":"2017-03-08T12:46:42","date_gmt":"2017-03-08T11:46:42","guid":{"rendered":"http:\/\/berlin-igmg.de\/?page_id=1400"},"modified":"2024-12-06T19:43:07","modified_gmt":"2024-12-06T18:43:07","slug":"irsad","status":"publish","type":"page","link":"https:\/\/berlin-igmg.de\/de\/verband\/irsad\/","title":{"rendered":"Irschad"},"content":{"rendered":"<p><strong>\u00d6mer G\u00fcndo\u011fdu hakk\u0131n da:<\/strong><\/p>\n<ul>\n<li>2018 y\u0131l\u0131ndan beri IGMG Berlin B\u00f6lge Ba\u015fkan Yard\u0131mc\u0131l\u0131\u011f\u0131 ve \u0130r\u015fad Ba\u015fkanl\u0131\u011f\u0131 g\u00f6revini y\u00fcr\u00fctmekte olan \u00d6mer G\u00fcndogdu IGMG taraf\u0131ndan y\u00fcr\u00fct\u00fclen ir\u015fad \u00e7al\u0131\u015fmalar\u0131n\u0131n koordine ve takibinden sorumludur.<\/li>\n<li>\u00d6mer G\u00fcndo\u011fdu, 10 Haziran 1975 \u0130stanbul\/T\u00fcrkiye do\u011fumludur. \u0130lk, orta ve lise e\u011fitimini \u0130stanbul\u2019da tamamlad\u0131ktan sonra M\u0131s\u0131r Ezher \u00dcniversitesi Din Usul\u00fc (Us\u00fbli\u2019d-d\u00een) Fak\u00fcltesi Tefsir B\u00f6l\u00fcm\u00fcnden 2001 y\u0131l\u0131nda mezun oldu ve 2005 y\u0131l\u0131nda Almanya\u2019ya geldi.<\/li>\n<li>2005-2008 y\u0131llar\u0131 aras\u0131nda Spandau Yeni Camiinde E\u011fitim Ba\u015fkan\u0131 olarak g\u00f6rev yapt\u0131.<\/li>\n<li>2009-2023 y\u0131llar\u0131 aras\u0131nda \u0130slami ilimler okulunda m\u00fcd\u00fcrl\u00fck yapm\u0131\u015ft\u0131r. Evli ve \u00fc\u00e7 \u00e7ocuk babas\u0131d\u0131r.<\/li>\n<\/ul>\n<p>\t\t\t\t\t\t\t\t\t\t\t\t\t<img fetchpriority=\"high\" decoding=\"async\" width=\"717\" height=\"724\" src=\"https:\/\/berlin-igmg.de\/wp-content\/uploads\/2018\/12\/\u00f6mer-g\u00fcndo\u011fdu.jpg\" alt=\"\" srcset=\"https:\/\/berlin-igmg.de\/wp-content\/uploads\/2018\/12\/\u00f6mer-g\u00fcndo\u011fdu.jpg 717w, https:\/\/berlin-igmg.de\/wp-content\/uploads\/2018\/12\/\u00f6mer-g\u00fcndo\u011fdu-150x150.jpg 150w, https:\/\/berlin-igmg.de\/wp-content\/uploads\/2018\/12\/\u00f6mer-g\u00fcndo\u011fdu-297x300.jpg 297w\" sizes=\"(max-width: 717px) 100vw, 717px\" \/>\t\t\t\t\t\t\t\t\t\t\t\t\t<\/p>\n<p>\u00d6mer G\u00fcndo\u011fdu<\/p>\n<h1>\nIGMG Berlin B\u00f6lgesi<br \/>\n\u0130r\u015fad Ba\u015fkan\u0131<\/h1>\n<h2><strong>G\u00f6rev tan\u0131m\u0131<\/strong><\/h2>\n<p>Berlin b\u00f6lgesine ait cami ve kurumlar\u0131n t\u00fcm ir\u015fad faaliyetlerinden sorumlu olan ir\u015fad Ba\u015fkanl\u0131\u011f\u0131<\/p>\n<ul>\n<li>Ev sohbetleri,<\/li>\n<li>Haf\u0131zl\u0131k \u00e7al\u0131\u015fmalar\u0131,<\/li>\n<li>cemaatin akt\u00fcel e\u011fitimi i\u00e7in konferans ve paneller d\u00fczenleyen \u00f6nemli bir birimdir.<\/li>\n<\/ul>\n","protected":false},"excerpt":{"rendered":"<div class=\"mh-excerpt\"><p>\u00d6mer G\u00fcndo\u011fdu hakk\u0131n da: 2018 y\u0131l\u0131ndan beri IGMG Berlin B\u00f6lge Ba\u015fkan Yard\u0131mc\u0131l\u0131\u011f\u0131 ve \u0130r\u015fad Ba\u015fkanl\u0131\u011f\u0131 g\u00f6revini y\u00fcr\u00fctmekte olan \u00d6mer G\u00fcndogdu IGMG taraf\u0131ndan y\u00fcr\u00fct\u00fclen ir\u015fad \u00e7al\u0131\u015fmalar\u0131n\u0131n <a class=\"mh-excerpt-more\" href=\"https:\/\/berlin-igmg.de\/de\/verband\/irsad\/\" title=\"Irschad\">[&#8230;]<\/a><\/p>\n<\/div>","protected":false},"author":1,"featured_media":0,"parent":10,"menu_order":0,"comment_status":"closed","ping_status":"closed","template":"","meta":{"footnotes":""},"class_list":["post-1400","page","type-page","status-publish","hentry"],"_links":{"self":[{"href":"https:\/\/berlin-igmg.de\/de\/wp-json\/wp\/v2\/pages\/1400","targetHints":{"allow":["GET"]}}],"collection":[{"href":"https:\/\/berlin-igmg.de\/de\/wp-json\/wp\/v2\/pages"}],"about":[{"href":"https:\/\/berlin-igmg.de\/de\/wp-json\/wp\/v2\/types\/page"}],"author":[{"embeddable":true,"href":"https:\/\/berlin-igmg.de\/de\/wp-json\/wp\/v2\/users\/1"}],"replies":[{"embeddable":true,"href":"https:\/\/berlin-igmg.de\/de\/wp-json\/wp\/v2\/comments?post=1400"}],"version-history":[{"count":64,"href":"https:\/\/berlin-igmg.de\/de\/wp-json\/wp\/v2\/pages\/1400\/revisions"}],"predecessor-version":[{"id":2539,"href":"https:\/\/berlin-igmg.de\/de\/wp-json\/wp\/v2\/pages\/1400\/revisions\/2539"}],"up":[{"embeddable":true,"href":"https:\/\/berlin-igmg.de\/de\/wp-json\/wp\/v2\/pages\/10"}],"wp:attachment":[{"href":"https:\/\/berlin-igmg.de\/de\/wp-json\/wp\/v2\/media?parent=1400"}],"curies":[{"name":"wp","href":"https:\/\/api.w.org\/{rel}","templated":true}]}}