{"id":1402,"date":"2017-03-08T12:53:37","date_gmt":"2017-03-08T11:53:37","guid":{"rendered":"http:\/\/berlin-igmg.de\/?page_id=1402"},"modified":"2026-01-18T19:59:22","modified_gmt":"2026-01-18T18:59:22","slug":"sosyal-hizmetler","status":"publish","type":"page","link":"https:\/\/berlin-igmg.de\/de\/verband\/sosyal-hizmetler\/","title":{"rendered":"\u0130nsani Yard\u0131m ve Sosyal Hizmetler"},"content":{"rendered":"\t\t<div data-elementor-type=\"wp-post\" data-elementor-id=\"1402\" class=\"elementor elementor-1402\">\n\t\t\t\t\t\t<section class=\"elementor-section elementor-top-section elementor-element elementor-element-ty9rbv3 elementor-section-boxed elementor-section-height-default elementor-section-height-default\" data-id=\"ty9rbv3\" data-element_type=\"section\">\n\t\t\t\t\t\t<div class=\"elementor-container elementor-column-gap-default\">\n\t\t\t\t\t<div class=\"elementor-column elementor-col-50 elementor-top-column elementor-element elementor-element-9ub5h8j\" data-id=\"9ub5h8j\" data-element_type=\"column\">\n\t\t\t<div class=\"elementor-widget-wrap\">\n\t\t\t\t\t\t\t<\/div>\n\t\t<\/div>\n\t\t\t\t<div class=\"elementor-column elementor-col-50 elementor-top-column elementor-element elementor-element-vhvo7a2\" data-id=\"vhvo7a2\" data-element_type=\"column\">\n\t\t\t<div class=\"elementor-widget-wrap elementor-element-populated\">\n\t\t\t\t\t\t<div class=\"elementor-element elementor-element-vakevnq elementor-widget elementor-widget-image-box\" data-id=\"vakevnq\" data-element_type=\"widget\" data-widget_type=\"image-box.default\">\n\t\t\t\t<div class=\"elementor-widget-container\">\n\t\t\t<div class=\"elementor-image-box-wrapper\"><div class=\"elementor-image-box-content\"><h4 class=\"elementor-image-box-title\">Kenan YILAR<\/h4><p class=\"elementor-image-box-description\">IGMG Berlin B\u00f6lgesi \u0130nsani Yard\u0131m ve Sosyal Hizmetler Ba\u015fkan\u0131<\/p><\/div><\/div>\t\t<\/div>\n\t\t\t\t<\/div>\n\t\t\t\t\t<\/div>\n\t\t<\/div>\n\t\t\t\t\t<\/div>\n\t\t<\/section>\n\t\t\t\t<section class=\"elementor-section elementor-top-section elementor-element elementor-element-255536e elementor-section-boxed elementor-section-height-default elementor-section-height-default\" data-id=\"255536e\" data-element_type=\"section\">\n\t\t\t\t\t\t<div class=\"elementor-container elementor-column-gap-default\">\n\t\t\t\t\t<div class=\"elementor-column elementor-col-50 elementor-top-column elementor-element elementor-element-459590e\" data-id=\"459590e\" data-element_type=\"column\">\n\t\t\t<div class=\"elementor-widget-wrap\">\n\t\t\t\t\t\t\t<\/div>\n\t\t<\/div>\n\t\t\t\t<div class=\"elementor-column elementor-col-50 elementor-top-column elementor-element elementor-element-503329f\" data-id=\"503329f\" data-element_type=\"column\">\n\t\t\t<div class=\"elementor-widget-wrap\">\n\t\t\t\t\t\t\t<\/div>\n\t\t<\/div>\n\t\t\t\t\t<\/div>\n\t\t<\/section>\n\t\t\t\t<\/div>\n\t\t","protected":false},"excerpt":{"rendered":"<div class=\"mh-excerpt\"><p>Kenan YILAR IGMG Berlin B\u00f6lgesi \u0130nsani Yard\u0131m ve Sosyal Hizmetler Ba\u015fkan\u0131<\/p>\n<\/div>","protected":false},"author":1,"featured_media":0,"parent":10,"menu_order":0,"comment_status":"closed","ping_status":"closed","template":"","meta":{"footnotes":""},"class_list":["post-1402","page","type-page","status-publish","hentry"],"_links":{"self":[{"href":"https:\/\/berlin-igmg.de\/de\/wp-json\/wp\/v2\/pages\/1402","targetHints":{"allow":["GET"]}}],"collection":[{"href":"https:\/\/berlin-igmg.de\/de\/wp-json\/wp\/v2\/pages"}],"about":[{"href":"https:\/\/berlin-igmg.de\/de\/wp-json\/wp\/v2\/types\/page"}],"author":[{"embeddable":true,"href":"https:\/\/berlin-igmg.de\/de\/wp-json\/wp\/v2\/users\/1"}],"replies":[{"embeddable":true,"href":"https:\/\/berlin-igmg.de\/de\/wp-json\/wp\/v2\/comments?post=1402"}],"version-history":[{"count":48,"href":"https:\/\/berlin-igmg.de\/de\/wp-json\/wp\/v2\/pages\/1402\/revisions"}],"predecessor-version":[{"id":2633,"href":"https:\/\/berlin-igmg.de\/de\/wp-json\/wp\/v2\/pages\/1402\/revisions\/2633"}],"up":[{"embeddable":true,"href":"https:\/\/berlin-igmg.de\/de\/wp-json\/wp\/v2\/pages\/10"}],"wp:attachment":[{"href":"https:\/\/berlin-igmg.de\/de\/wp-json\/wp\/v2\/media?parent=1402"}],"curies":[{"name":"wp","href":"https:\/\/api.w.org\/{rel}","templated":true}]}}