{"id":2022,"date":"2018-06-11T17:36:05","date_gmt":"2018-06-11T15:36:05","guid":{"rendered":"http:\/\/berlin-igmg.de\/?page_id=2022"},"modified":"2018-06-12T11:18:16","modified_gmt":"2018-06-12T09:18:16","slug":"egitim-takvimi","status":"publish","type":"page","link":"https:\/\/berlin-igmg.de\/de\/verband\/bildung\/egitim-takvimi\/","title":{"rendered":"2018\/2019 E\u011fitim \u00d6\u011fretim Y\u0131l\u0131 Tatil \u00c7izelgesi"},"content":{"rendered":"<p class=\"qtranxs-available-languages-message qtranxs-available-languages-message-de\">Leider ist der Eintrag nur auf <a href=\"https:\/\/berlin-igmg.de\/tr\/wp-json\/wp\/v2\/pages\/2022\" class=\"qtranxs-available-language-link qtranxs-available-language-link-tr\" title=\"T\u00fcrk\u00e7e\">T\u00fcrk\u00e7e<\/a> verf\u00fcgbar.<\/p>","protected":false},"excerpt":{"rendered":"<div class=\"mh-excerpt\"><p>Leider ist der Eintrag nur auf T\u00fcrk\u00e7e verf\u00fcgbar.<\/p>\n<\/div>","protected":false},"author":1,"featured_media":0,"parent":60,"menu_order":0,"comment_status":"closed","ping_status":"closed","template":"template-fullwidth.php","meta":{"footnotes":""},"class_list":["post-2022","page","type-page","status-publish","hentry"],"_links":{"self":[{"href":"https:\/\/berlin-igmg.de\/de\/wp-json\/wp\/v2\/pages\/2022","targetHints":{"allow":["GET"]}}],"collection":[{"href":"https:\/\/berlin-igmg.de\/de\/wp-json\/wp\/v2\/pages"}],"about":[{"href":"https:\/\/berlin-igmg.de\/de\/wp-json\/wp\/v2\/types\/page"}],"author":[{"embeddable":true,"href":"https:\/\/berlin-igmg.de\/de\/wp-json\/wp\/v2\/users\/1"}],"replies":[{"embeddable":true,"href":"https:\/\/berlin-igmg.de\/de\/wp-json\/wp\/v2\/comments?post=2022"}],"version-history":[{"count":0,"href":"https:\/\/berlin-igmg.de\/de\/wp-json\/wp\/v2\/pages\/2022\/revisions"}],"up":[{"embeddable":true,"href":"https:\/\/berlin-igmg.de\/de\/wp-json\/wp\/v2\/pages\/60"}],"wp:attachment":[{"href":"https:\/\/berlin-igmg.de\/de\/wp-json\/wp\/v2\/media?parent=2022"}],"curies":[{"name":"wp","href":"https:\/\/api.w.org\/{rel}","templated":true}]}}