{"id":369,"date":"2016-09-26T16:07:40","date_gmt":"2016-09-26T14:07:40","guid":{"rendered":"http:\/\/berlin-igmg.de\/?page_id=369"},"modified":"2016-10-21T12:27:43","modified_gmt":"2016-10-21T10:27:43","slug":"rezervasyon","status":"publish","type":"page","link":"https:\/\/berlin-igmg.de\/de\/rezervasyon\/","title":{"rendered":"Reservation"},"content":{"rendered":"<p>Diese Seite ist nicht mehr g\u00fcltig. Aktuelle Seite ist : <a href=\"http:\/\/rezervasyon.berlin-igmg.de\">rezervasyon<\/a>.berlin-igmg.de<\/p>\n<div class=\"qem_calendar\" id=\"qem_calendar_1\" data-qem_calendar_atts=\"[]\" data-qem_month=\"4\" data-qem_year=\"2026\" data-qem_category=\"\"><a id=\"qem_calreload\"><\/a><div id=\"qem-calendar\">\n    <table cellspacing=\"3\" cellpadding=\"0\">\n    <tr class=\"caltop\">\n    <td><a class=\"calnav\" href=\"https:\/\/berlin-igmg.de\/de\/wp-json\/wp\/v2\/pages\/369?qemmonth=3&amp;qemyear=2026#qem_calreload\">&#9668; \u00d6nceki<\/a><\/td>\n    <td class=\"calmonth\"><h2>April 2026<\/h2><\/td>\n    <td><a class=\"calnav\" href=\"https:\/\/berlin-igmg.de\/de\/wp-json\/wp\/v2\/pages\/369?qemmonth=5&amp;qemyear=2026#qem_calreload\">Sonraki &#9658;<\/a><\/td>\n    <\/tr>\n    <\/table>\n    <table>\n    <tr>\r\n<td class=\"calday\">So.<\/td><td class=\"calday\">Mo.<\/td><td class=\"calday\">Di.<\/td><td class=\"calday\">Mi.<\/td><td class=\"calday\">Do.<\/td><td class=\"calday\">Fr.<\/td><td class=\"calday\">Sa.<\/td><\/tr>\r\n<tr>\r\t<td class=\"blankday\"><\/td><td class=\"blankday\"><\/td><td class=\"firstday\"><\/td><td class=\"day oldday \"><h2>1<\/h2><br><\/td><td class=\"day oldday \"><h2>2<\/h2><br><\/td><td class=\"day oldday \"><h2>3<\/h2><br><\/td><td class=\"day oldday \"><h2>4<\/h2><br><\/td><\/tr>\r\n<tr>\r\t<td class=\"day oldday \"><h2>5<\/h2><br><\/td><td class=\"day oldday \"><h2>6<\/h2><br><\/td><td class=\"day oldday \"><h2>7<\/h2><br><\/td><td class=\"day oldday \"><h2>8<\/h2><br><\/td><td class=\"day oldday \"><h2>9<\/h2><br><\/td><td class=\"day oldday \"><h2>10<\/h2><br><\/td><td class=\"day oldday \"><h2>11<\/h2><br><\/td><\/tr>\r\n<tr>\r\t<td class=\"day oldday \"><h2>12<\/h2><br><\/td><td class=\"day oldday \"><h2>13<\/h2><br><\/td><td class=\"day oldday \"><h2>14<\/h2><br><\/td><td class=\"day oldday \"><h2>15<\/h2><br><\/td><td class=\"day oldday \"><h2>16<\/h2><br><\/td><td class=\"day oldday \"><h2>17<\/h2><br><\/td><td class=\"day oldday \"><h2>18<\/h2><br><\/td><\/tr>\r\n<tr>\r\t<td class=\"day oldday \"><h2>19<\/h2><br><\/td><td class=\"day oldday \"><h2>20<\/h2><br><\/td><td class=\"day oldday \"><h2>21<\/h2><br><\/td><td class=\"day oldday \"><h2>22<\/h2><br><\/td><td class=\"day  \"><h2>23<\/h2><br><\/td><td class=\"day  \"><h2>24<\/h2><br><\/td><td class=\"day  \"><h2>25<\/h2><br><\/td><\/tr>\r\n<tr>\r\t<td class=\"day  \"><h2>26<\/h2><br><\/td><td class=\"day  \"><h2>27<\/h2><br><\/td><td class=\"day  \"><h2>28<\/h2><br><\/td><td class=\"day  \"><h2>29<\/h2><br><\/td><td class=\"day  \"><h2>30<\/h2><br><\/td><\/table><\/div><\/div>\n<p>B\u00f6lge Salonu :\u00a0<span style=\"color: #ffcc00;\">#<\/span><\/p>\n<p>Ana Te\u015fkilat Salonu : <span style=\"color: #3366ff;\">#<\/span><\/p>\n<p>Kad\u0131nlar Te\u015fkilat\u0131 Salonu : <span style=\"color: #ff0000;\">#<\/span><\/p>\n<p>Gen\u00e7lik Te\u015fkilat\u0131 Salonu :\u00a0<span style=\"color: #00ff00;\">#<\/span><\/p>","protected":false},"excerpt":{"rendered":"<div class=\"mh-excerpt\"><p>Diese Seite ist nicht mehr g\u00fcltig. Aktuelle Seite ist : rezervasyon.berlin-igmg.de B\u00f6lge Salonu :\u00a0# Ana Te\u015fkilat Salonu : # Kad\u0131nlar Te\u015fkilat\u0131 Salonu : # Gen\u00e7lik <a class=\"mh-excerpt-more\" href=\"https:\/\/berlin-igmg.de\/de\/event\/sabah-namazlari-yeni-cami-2\/\" title=\"Morgengebete &#8211; Yeni Cami\">[&#8230;]<\/a><\/p>\n<\/div>","protected":false},"author":1,"featured_media":0,"parent":0,"menu_order":0,"comment_status":"closed","ping_status":"closed","template":"","meta":{"footnotes":""},"class_list":["post-369","page","type-page","status-publish","hentry"],"_links":{"self":[{"href":"https:\/\/berlin-igmg.de\/de\/wp-json\/wp\/v2\/pages\/369","targetHints":{"allow":["GET"]}}],"collection":[{"href":"https:\/\/berlin-igmg.de\/de\/wp-json\/wp\/v2\/pages"}],"about":[{"href":"https:\/\/berlin-igmg.de\/de\/wp-json\/wp\/v2\/types\/page"}],"author":[{"embeddable":true,"href":"https:\/\/berlin-igmg.de\/de\/wp-json\/wp\/v2\/users\/1"}],"replies":[{"embeddable":true,"href":"https:\/\/berlin-igmg.de\/de\/wp-json\/wp\/v2\/comments?post=369"}],"version-history":[{"count":13,"href":"https:\/\/berlin-igmg.de\/de\/wp-json\/wp\/v2\/pages\/369\/revisions"}],"predecessor-version":[{"id":600,"href":"https:\/\/berlin-igmg.de\/de\/wp-json\/wp\/v2\/pages\/369\/revisions\/600"}],"wp:attachment":[{"href":"https:\/\/berlin-igmg.de\/de\/wp-json\/wp\/v2\/media?parent=369"}],"curies":[{"name":"wp","href":"https:\/\/api.w.org\/{rel}","templated":true}]}}