{"id":577,"date":"2016-10-18T15:55:03","date_gmt":"2016-10-18T13:55:03","guid":{"rendered":"http:\/\/berlin-igmg.de\/?page_id=577"},"modified":"2024-11-15T17:59:09","modified_gmt":"2024-11-15T16:59:09","slug":"teskilatlanma","status":"publish","type":"page","link":"https:\/\/berlin-igmg.de\/de\/teskilatlanma\/","title":{"rendered":"Gemeindeentwicklung"},"content":{"rendered":"\t\t<div data-elementor-type=\"wp-post\" data-elementor-id=\"577\" class=\"elementor elementor-577\">\n\t\t\t\t\t\t<section class=\"elementor-section elementor-top-section elementor-element elementor-element-iuijycp elementor-section-boxed elementor-section-height-default elementor-section-height-default\" data-id=\"iuijycp\" data-element_type=\"section\">\n\t\t\t\t\t\t<div class=\"elementor-container elementor-column-gap-default\">\n\t\t\t\t\t<div class=\"elementor-column elementor-col-50 elementor-top-column elementor-element elementor-element-dihrzml\" data-id=\"dihrzml\" data-element_type=\"column\">\n\t\t\t<div class=\"elementor-widget-wrap elementor-element-populated\">\n\t\t\t\t\t\t<div class=\"elementor-element elementor-element-grgwjmb elementor-widget elementor-widget-text-editor\" data-id=\"grgwjmb\" data-element_type=\"widget\" data-widget_type=\"text-editor.default\">\n\t\t\t\t<div class=\"elementor-widget-container\">\n\t\t\t\t\t\t\t<p><\/p><blockquote><h3><a href=\"http:\/\/berlin-igmg.de\/de\/harita\/\">Stadtplan<\/a><\/h3><\/blockquote><p><\/p>\t\t\t\t\t\t<\/div>\n\t\t\t\t<\/div>\n\t\t\t\t\t<\/div>\n\t\t<\/div>\n\t\t\t\t<div class=\"elementor-column elementor-col-50 elementor-top-column elementor-element elementor-element-3st9928\" data-id=\"3st9928\" data-element_type=\"column\">\n\t\t\t<div class=\"elementor-widget-wrap elementor-element-populated\">\n\t\t\t\t\t\t<div class=\"elementor-element elementor-element-l1du90n elementor-position-top elementor-widget elementor-widget-image-box\" data-id=\"l1du90n\" data-element_type=\"widget\" data-widget_type=\"image-box.default\">\n\t\t\t\t<div class=\"elementor-widget-container\">\n\t\t\t<div class=\"elementor-image-box-wrapper\"><figure class=\"elementor-image-box-img\"><img fetchpriority=\"high\" decoding=\"async\" width=\"612\" height=\"696\" src=\"https:\/\/berlin-igmg.de\/wp-content\/uploads\/2024\/11\/ILHAN-UZUN-e1731450854687.png\" class=\"attachment-full size-full wp-image-2308\" alt=\"\" srcset=\"https:\/\/berlin-igmg.de\/wp-content\/uploads\/2024\/11\/ILHAN-UZUN-e1731450854687.png 612w, https:\/\/berlin-igmg.de\/wp-content\/uploads\/2024\/11\/ILHAN-UZUN-e1731450854687-264x300.png 264w\" sizes=\"(max-width: 612px) 100vw, 612px\" \/><\/figure><div class=\"elementor-image-box-content\"><span class=\"elementor-image-box-title\">\u0130LHAN UZUN<\/span><p class=\"elementor-image-box-description\">IGMG Berlin B\u00f6lgesi Te\u015fkilatlanma Ba\u015fkan\u0131<\/p><\/div><\/div>\t\t<\/div>\n\t\t\t\t<\/div>\n\t\t\t\t\t<\/div>\n\t\t<\/div>\n\t\t\t\t\t<\/div>\n\t\t<\/section>\n\t\t\t\t<\/div>\n\t\t","protected":false},"excerpt":{"rendered":"<div class=\"mh-excerpt\"><p>Stadtplan \u0130LHAN UZUN IGMG Berlin B\u00f6lgesi Te\u015fkilatlanma Ba\u015fkan\u0131<\/p>\n<\/div>","protected":false},"author":1,"featured_media":0,"parent":0,"menu_order":0,"comment_status":"closed","ping_status":"closed","template":"","meta":{"footnotes":""},"class_list":["post-577","page","type-page","status-publish","hentry"],"_links":{"self":[{"href":"https:\/\/berlin-igmg.de\/de\/wp-json\/wp\/v2\/pages\/577","targetHints":{"allow":["GET"]}}],"collection":[{"href":"https:\/\/berlin-igmg.de\/de\/wp-json\/wp\/v2\/pages"}],"about":[{"href":"https:\/\/berlin-igmg.de\/de\/wp-json\/wp\/v2\/types\/page"}],"author":[{"embeddable":true,"href":"https:\/\/berlin-igmg.de\/de\/wp-json\/wp\/v2\/users\/1"}],"replies":[{"embeddable":true,"href":"https:\/\/berlin-igmg.de\/de\/wp-json\/wp\/v2\/comments?post=577"}],"version-history":[{"count":66,"href":"https:\/\/berlin-igmg.de\/de\/wp-json\/wp\/v2\/pages\/577\/revisions"}],"predecessor-version":[{"id":2431,"href":"https:\/\/berlin-igmg.de\/de\/wp-json\/wp\/v2\/pages\/577\/revisions\/2431"}],"wp:attachment":[{"href":"https:\/\/berlin-igmg.de\/de\/wp-json\/wp\/v2\/media?parent=577"}],"curies":[{"name":"wp","href":"https:\/\/api.w.org\/{rel}","templated":true}]}}