{"id":6,"date":"2024-11-09T22:02:02","date_gmt":"2024-11-09T21:02:02","guid":{"rendered":"http:\/\/berlin-igmg.de\/?page_id=6"},"modified":"2026-02-02T00:30:18","modified_gmt":"2026-02-01T23:30:18","slug":"startseite","status":"publish","type":"page","link":"https:\/\/berlin-igmg.de\/de\/","title":{"rendered":"StartseIte"},"content":{"rendered":"\t\t<div data-elementor-type=\"wp-post\" data-elementor-id=\"6\" class=\"elementor elementor-6\">\n\t\t\t\t\t\t<section class=\"elementor-section elementor-top-section elementor-element elementor-element-e76cea9 elementor-section-boxed elementor-section-height-default elementor-section-height-default\" data-id=\"e76cea9\" data-element_type=\"section\">\n\t\t\t\t\t\t<div class=\"elementor-container elementor-column-gap-default\">\n\t\t\t\t\t<div class=\"elementor-column elementor-col-100 elementor-top-column elementor-element elementor-element-8cc6436\" data-id=\"8cc6436\" data-element_type=\"column\">\n\t\t\t<div class=\"elementor-widget-wrap\">\n\t\t\t\t\t\t\t<\/div>\n\t\t<\/div>\n\t\t\t\t\t<\/div>\n\t\t<\/section>\n\t\t\t\t<section class=\"elementor-section elementor-top-section elementor-element elementor-element-54bf8df elementor-section-boxed elementor-section-height-default elementor-section-height-default\" data-id=\"54bf8df\" data-element_type=\"section\">\n\t\t\t\t\t\t<div class=\"elementor-container elementor-column-gap-default\">\n\t\t\t\t\t<div class=\"elementor-column elementor-col-100 elementor-top-column elementor-element elementor-element-ed81d6c\" data-id=\"ed81d6c\" data-element_type=\"column\">\n\t\t\t<div class=\"elementor-widget-wrap elementor-element-populated\">\n\t\t\t\t\t\t<div class=\"elementor-element elementor-element-bf3e89e elementor-widget elementor-widget-image\" data-id=\"bf3e89e\" data-element_type=\"widget\" data-widget_type=\"image.default\">\n\t\t\t\t<div class=\"elementor-widget-container\">\n\t\t\t\t\t\t\t\t\t\t\t\t\t<img fetchpriority=\"high\" decoding=\"async\" width=\"683\" height=\"1024\" src=\"https:\/\/berlin-igmg.de\/wp-content\/uploads\/2026\/02\/Berat-Kandili-2026-683x1024.png\" class=\"attachment-large size-large wp-image-2644\" alt=\"\" srcset=\"https:\/\/berlin-igmg.de\/wp-content\/uploads\/2026\/02\/Berat-Kandili-2026-683x1024.png 683w, https:\/\/berlin-igmg.de\/wp-content\/uploads\/2026\/02\/Berat-Kandili-2026-200x300.png 200w, https:\/\/berlin-igmg.de\/wp-content\/uploads\/2026\/02\/Berat-Kandili-2026-768x1152.png 768w, https:\/\/berlin-igmg.de\/wp-content\/uploads\/2026\/02\/Berat-Kandili-2026.png 1024w\" sizes=\"(max-width: 683px) 100vw, 683px\" \/>\t\t\t\t\t\t\t\t\t\t\t\t\t<\/div>\n\t\t\t\t<\/div>\n\t\t\t\t<div class=\"elementor-element elementor-element-ccfad33 elementor-widget elementor-widget-text-editor\" data-id=\"ccfad33\" data-element_type=\"widget\" data-widget_type=\"text-editor.default\">\n\t\t\t\t<div class=\"elementor-widget-container\">\n\t\t\t\t\t\t\t<p style=\"border-style: solid; border-color: #e3e3e3; --tw-border-spacing-x: 0; --tw-border-spacing-y: 0; --tw-translate-x: 0; --tw-translate-y: 0; --tw-rotate: 0; --tw-skew-x: 0; --tw-skew-y: 0; --tw-scale-x: 1; --tw-scale-y: 1; --tw-scroll-snap-strictness: proximity; --tw-ring-offset-width: 0px; --tw-ring-offset-color: #fff; --tw-ring-color: rgba(69,89,164,.5); --tw-ring-offset-shadow: 0 0 transparent; --tw-ring-shadow: 0 0 transparent; --tw-shadow: 0 0 transparent; --tw-shadow-colored: 0 0 transparent; margin-bottom: 1.25em; color: #0d0d0d; font-family: S\u00f6hne, ui-sans-serif, system-ui, -apple-system, 'Segoe UI', Roboto, Ubuntu, Cantarell, 'Noto Sans', sans-serif, 'Helvetica Neue', Arial, 'Apple Color Emoji', 'Segoe UI Emoji', 'Segoe UI Symbol', 'Noto Color Emoji'; font-size: 16px; font-style: normal; font-variant-ligatures: normal; font-variant-caps: normal; font-weight: 400; white-space-collapse: preserve;\">Berat Kandili<\/p><p style=\"border-style: solid; border-color: #e3e3e3; --tw-border-spacing-x: 0; --tw-border-spacing-y: 0; --tw-translate-x: 0; --tw-translate-y: 0; --tw-rotate: 0; --tw-skew-x: 0; --tw-skew-y: 0; --tw-scale-x: 1; --tw-scale-y: 1; --tw-scroll-snap-strictness: proximity; --tw-ring-offset-width: 0px; --tw-ring-offset-color: #fff; --tw-ring-color: rgba(69,89,164,.5); --tw-ring-offset-shadow: 0 0 transparent; --tw-ring-shadow: 0 0 transparent; --tw-shadow: 0 0 transparent; --tw-shadow-colored: 0 0 transparent; margin-top: 1.25em; margin-bottom: 1.25em; color: #0d0d0d; font-family: S\u00f6hne, ui-sans-serif, system-ui, -apple-system, 'Segoe UI', Roboto, Ubuntu, Cantarell, 'Noto Sans', sans-serif, 'Helvetica Neue', Arial, 'Apple Color Emoji', 'Segoe UI Emoji', 'Segoe UI Symbol', 'Noto Color Emoji'; font-size: 16px; font-style: normal; font-variant-ligatures: normal; font-variant-caps: normal; font-weight: 400; white-space-collapse: preserve;\"><strong style=\"color: #2d2d2d; font-size: 16px; font-style: normal; font-variant-ligatures: normal; font-variant-caps: normal; font-family: OpenSans-Light;\">\u0130slam Toplumu Mill\u00ee G\u00f6r\u00fc\u015f (IGMG) Berlin B\u00f6lge Ba\u015fkan\u0131 Hasan Istanbul \u0130slam \u00e2leminin Berat Kandili\u2019nizi tebrik eder. \u201cAllah Te\u00e2l\u00e2\u2019n\u0131n kullar\u0131n\u0131 ba\u011f\u0131\u015flad\u0131\u011f\u0131 bu m\u00fcbarek geceyi iyi de\u011ferlendirmeli, \u0130slam \u00e2lemi ve b\u00fct\u00fcn insanl\u0131\u011f\u0131n selameti i\u00e7in dua etmeliyiz.\u201d<\/strong><\/p><p style=\"color: #2d2d2d; font-family: OpenSans-Light, Arial, Helvetica, sans-serif; font-size: 16px; font-style: normal; font-variant-ligatures: normal; font-variant-caps: normal; font-weight: 300;\">\u201cY\u00fcce Rabbimiz bizlere bir senelik zaman dilimi i\u00e7erisinde baz\u0131 m\u00fcbarek aylar, bu m\u00fcbarek aylar i\u00e7erisinde de baz\u0131 m\u00fcbarek geceler bah\u015fetmi\u015ftir. Allah Te\u00e2l\u00e2 bu m\u00fcstesna g\u00fcnleri hakk\u0131yla de\u011ferlendirmemizi ve b\u00f6ylelikle ba\u011f\u0131\u015flanma hakk\u0131 kazanmam\u0131z\u0131 murat etmi\u015ftir. Bu m\u00fcstesna gecelerden biri de Berat Gecesi\u2019dir. 2 \u015eubat Pazartesi ak\u015fam namaz\u0131 ile birlikte ba\u015flayacak olan bu gecede, Peygamber Efendimiz (s.a.v.)\u2019in deyimiyle Allah Te\u00e2l\u00e2 fecir vaktine kadar \u2018Benden ma\u011ffiret dileyen yok mu, onu ma\u011ffiret edeyim. Benden r\u0131z\u0131k isteyen yok mu, onu r\u0131z\u0131kland\u0131ray\u0131m.\u2019 demektedir. Bize d\u00fc\u015fen bu rahmet ya\u011fmurundan hem kendimiz hem de b\u00fct\u00fcn \u0130slam \u00e2lemi ad\u0131na m\u00fcmk\u00fcn mertebe faydalanmakt\u0131r.<\/p><p style=\"color: #2d2d2d; font-family: OpenSans-Light, Arial, Helvetica, sans-serif; font-size: 16px; font-style: normal; font-variant-ligatures: normal; font-variant-caps: normal; font-weight: 300;\">Bu m\u00fcbarek geceyi ibadetle ge\u00e7irirken, kendimizin ve ailemizin ba\u011f\u0131\u015flanmas\u0131n\u0131n yan\u0131 s\u0131ra b\u00fct\u00fcn \u0130slam \u00e2lemi ve insanl\u0131k i\u00e7in de niyazda bulunal\u0131m. \u00d6yle bir d\u00f6nemdeyiz ki, insanlar\u0131n ter\u00f6r sald\u0131r\u0131lar\u0131nda hayatlar\u0131n\u0131 kaybetmeleri, sava\u015f ve kar\u0131\u015f\u0131kl\u0131klar sebebiyle yurtlar\u0131n\u0131 terk etmek durumunda kalmalar\u0131, insanca bir ya\u015fam i\u00e7in \u00e7\u0131kt\u0131klar\u0131 yollarda denizlerde bo\u011fularak aileleriyle birlikte can vermeleri art\u0131k her g\u00fcn duya duya al\u0131\u015fmaya ba\u015flad\u0131\u011f\u0131m\u0131z vakalar h\u00e2line geldi. \u0130\u015fte bu dram\u0131n art\u0131k son bulmas\u0131 i\u00e7in Rabbimiz\u2019e el a\u00e7al\u0131m, samimi bir \u015fekilde dua edelim.<\/p><p style=\"color: #2d2d2d; font-family: OpenSans-Light, Arial, Helvetica, sans-serif; font-size: 16px; font-style: normal; font-variant-ligatures: normal; font-variant-caps: normal; font-weight: 300;\">Cen\u00e2b-\u0131 Hak\u2019tan bizleri ba\u011f\u0131\u015flamas\u0131n\u0131 niyaz eder, Berat Gecesi\u2019nin hay\u0131rlara vesile olmas\u0131n\u0131 dilerim.\u201d<\/p>\t\t\t\t\t\t<\/div>\n\t\t\t\t<\/div>\n\t\t\t\t\t<\/div>\n\t\t<\/div>\n\t\t\t\t\t<\/div>\n\t\t<\/section>\n\t\t\t\t<\/div>\n\t\t","protected":false},"excerpt":{"rendered":"<div class=\"mh-excerpt\"><p>Berat Kandili \u0130slam Toplumu Mill\u00ee G\u00f6r\u00fc\u015f (IGMG) Berlin B\u00f6lge Ba\u015fkan\u0131 Hasan Istanbul \u0130slam \u00e2leminin Berat Kandili\u2019nizi tebrik eder. \u201cAllah Te\u00e2l\u00e2\u2019n\u0131n kullar\u0131n\u0131 ba\u011f\u0131\u015flad\u0131\u011f\u0131 bu m\u00fcbarek geceyi <a class=\"mh-excerpt-more\" href=\"https:\/\/berlin-igmg.de\/de\/\" title=\"StartseIte\">[&#8230;]<\/a><\/p>\n<\/div>","protected":false},"author":1,"featured_media":0,"parent":0,"menu_order":0,"comment_status":"closed","ping_status":"closed","template":"","meta":{"footnotes":""},"class_list":["post-6","page","type-page","status-publish","hentry"],"_links":{"self":[{"href":"https:\/\/berlin-igmg.de\/de\/wp-json\/wp\/v2\/pages\/6","targetHints":{"allow":["GET"]}}],"collection":[{"href":"https:\/\/berlin-igmg.de\/de\/wp-json\/wp\/v2\/pages"}],"about":[{"href":"https:\/\/berlin-igmg.de\/de\/wp-json\/wp\/v2\/types\/page"}],"author":[{"embeddable":true,"href":"https:\/\/berlin-igmg.de\/de\/wp-json\/wp\/v2\/users\/1"}],"replies":[{"embeddable":true,"href":"https:\/\/berlin-igmg.de\/de\/wp-json\/wp\/v2\/comments?post=6"}],"version-history":[{"count":38,"href":"https:\/\/berlin-igmg.de\/de\/wp-json\/wp\/v2\/pages\/6\/revisions"}],"predecessor-version":[{"id":2647,"href":"https:\/\/berlin-igmg.de\/de\/wp-json\/wp\/v2\/pages\/6\/revisions\/2647"}],"wp:attachment":[{"href":"https:\/\/berlin-igmg.de\/de\/wp-json\/wp\/v2\/media?parent=6"}],"curies":[{"name":"wp","href":"https:\/\/api.w.org\/{rel}","templated":true}]}}