{"id":60,"date":"2016-09-10T14:34:49","date_gmt":"2016-09-10T12:34:49","guid":{"rendered":"http:\/\/yeni.berlin-igmg.com\/?page_id=60"},"modified":"2024-11-25T14:25:19","modified_gmt":"2024-11-25T13:25:19","slug":"bildung","status":"publish","type":"page","link":"https:\/\/berlin-igmg.de\/de\/verband\/bildung\/","title":{"rendered":"Bildung"},"content":{"rendered":"\t\t<div data-elementor-type=\"wp-post\" data-elementor-id=\"60\" class=\"elementor elementor-60\">\n\t\t\t\t\t\t<section class=\"elementor-section elementor-top-section elementor-element elementor-element-axvsxgh elementor-section-boxed elementor-section-height-default elementor-section-height-default\" data-id=\"axvsxgh\" data-element_type=\"section\">\n\t\t\t\t\t\t<div class=\"elementor-container elementor-column-gap-default\">\n\t\t\t\t\t<div class=\"elementor-column elementor-col-50 elementor-top-column elementor-element elementor-element-emrulvi\" data-id=\"emrulvi\" data-element_type=\"column\">\n\t\t\t<div class=\"elementor-widget-wrap elementor-element-populated\">\n\t\t\t\t\t\t<div class=\"elementor-element elementor-element-mtpgnwb elementor-widget elementor-widget-text-editor\" data-id=\"mtpgnwb\" data-element_type=\"widget\" data-widget_type=\"text-editor.default\">\n\t\t\t\t<div class=\"elementor-widget-container\">\n\t\t\t\t\t\t\t<p><\/p><ul><li>Ders Kay\u0131t Sistemi<\/li><li>E\u011fitim Faaliyetleri<\/li><li>Y\u00f6nergeler<\/li><li>E\u011fitim Belgeleri<\/li><li>Temel Esaslar<\/li><\/ul><p><\/p>\t\t\t\t\t\t<\/div>\n\t\t\t\t<\/div>\n\t\t\t\t\t<\/div>\n\t\t<\/div>\n\t\t\t\t<div class=\"elementor-column elementor-col-50 elementor-top-column elementor-element elementor-element-b68jdk2\" data-id=\"b68jdk2\" data-element_type=\"column\">\n\t\t\t<div class=\"elementor-widget-wrap elementor-element-populated\">\n\t\t\t\t\t\t<div class=\"elementor-element elementor-element-2da80ab elementor-widget elementor-widget-image\" data-id=\"2da80ab\" data-element_type=\"widget\" data-widget_type=\"image.default\">\n\t\t\t\t<div class=\"elementor-widget-container\">\n\t\t\t\t\t\t\t\t\t\t\t\t\t<img fetchpriority=\"high\" decoding=\"async\" width=\"768\" height=\"1024\" src=\"https:\/\/berlin-igmg.de\/wp-content\/uploads\/2024\/11\/Hamdi-Erer-Resim-e1732540945975.png\" class=\"attachment-large size-large wp-image-2505\" alt=\"\" \/>\t\t\t\t\t\t\t\t\t\t\t\t\t<\/div>\n\t\t\t\t<\/div>\n\t\t\t\t<div class=\"elementor-element elementor-element-rtgp3um elementor-widget elementor-widget-image-box\" data-id=\"rtgp3um\" data-element_type=\"widget\" data-widget_type=\"image-box.default\">\n\t\t\t\t<div class=\"elementor-widget-container\">\n\t\t\t<div class=\"elementor-image-box-wrapper\"><div class=\"elementor-image-box-content\"><h2 class=\"elementor-image-box-title\">Hamdi Erer<\/h2><p class=\"elementor-image-box-description\">IGMG Berlin B\u00f6lgesi E\u011fitim Ba\u015fkan\u0131<\/p><\/div><\/div>\t\t<\/div>\n\t\t\t\t<\/div>\n\t\t\t\t\t<\/div>\n\t\t<\/div>\n\t\t\t\t\t<\/div>\n\t\t<\/section>\n\t\t\t\t<section class=\"elementor-section elementor-top-section elementor-element elementor-element-8c449e2 elementor-section-boxed elementor-section-height-default elementor-section-height-default\" data-id=\"8c449e2\" data-element_type=\"section\">\n\t\t\t\t\t\t<div class=\"elementor-container elementor-column-gap-default\">\n\t\t\t\t\t<div class=\"elementor-column elementor-col-50 elementor-top-column elementor-element elementor-element-8cdd31a\" data-id=\"8cdd31a\" data-element_type=\"column\">\n\t\t\t<div class=\"elementor-widget-wrap\">\n\t\t\t\t\t\t\t<\/div>\n\t\t<\/div>\n\t\t\t\t<div class=\"elementor-column elementor-col-50 elementor-top-column elementor-element elementor-element-4c19fba\" data-id=\"4c19fba\" data-element_type=\"column\">\n\t\t\t<div class=\"elementor-widget-wrap\">\n\t\t\t\t\t\t\t<\/div>\n\t\t<\/div>\n\t\t\t\t\t<\/div>\n\t\t<\/section>\n\t\t\t\t<\/div>\n\t\t","protected":false},"excerpt":{"rendered":"<div class=\"mh-excerpt\"><p>Leider ist der Eintrag nur auf T\u00fcrk\u00e7e verf\u00fcgbar.<\/p>\n<\/div>","protected":false},"author":1,"featured_media":0,"parent":10,"menu_order":0,"comment_status":"closed","ping_status":"closed","template":"","meta":{"footnotes":""},"class_list":["post-60","page","type-page","status-publish","hentry"],"_links":{"self":[{"href":"https:\/\/berlin-igmg.de\/de\/wp-json\/wp\/v2\/pages\/60","targetHints":{"allow":["GET"]}}],"collection":[{"href":"https:\/\/berlin-igmg.de\/de\/wp-json\/wp\/v2\/pages"}],"about":[{"href":"https:\/\/berlin-igmg.de\/de\/wp-json\/wp\/v2\/types\/page"}],"author":[{"embeddable":true,"href":"https:\/\/berlin-igmg.de\/de\/wp-json\/wp\/v2\/users\/1"}],"replies":[{"embeddable":true,"href":"https:\/\/berlin-igmg.de\/de\/wp-json\/wp\/v2\/comments?post=60"}],"version-history":[{"count":4,"href":"https:\/\/berlin-igmg.de\/de\/wp-json\/wp\/v2\/pages\/60\/revisions"}],"predecessor-version":[{"id":975,"href":"https:\/\/berlin-igmg.de\/de\/wp-json\/wp\/v2\/pages\/60\/revisions\/975"}],"up":[{"embeddable":true,"href":"https:\/\/berlin-igmg.de\/de\/wp-json\/wp\/v2\/pages\/10"}],"wp:attachment":[{"href":"https:\/\/berlin-igmg.de\/de\/wp-json\/wp\/v2\/media?parent=60"}],"curies":[{"name":"wp","href":"https:\/\/api.w.org\/{rel}","templated":true}]}}